{"id":16963,"date":"2023-12-19T16:42:46","date_gmt":"2023-12-19T13:42:46","guid":{"rendered":"https:\/\/jmp.vdisain.dev\/?page_id=16963"},"modified":"2024-01-09T17:04:02","modified_gmt":"2024-01-09T14:04:02","slug":"warranty-and-maintenance","status":"publish","type":"page","link":"https:\/\/jmp.lv\/en\/warranty-and-maintenance\/","title":{"rendered":"Warranty and maintenance"},"content":{"rendered":"\t\t<div data-elementor-type=\"wp-page\" data-elementor-id=\"16963\" class=\"elementor elementor-16963\" data-elementor-post-type=\"page\">\n\t\t\t\t\t\t<section class=\"gap-no elementor-section elementor-top-section elementor-element elementor-element-2226c1f elementor-section-full_width elementor-section-height-min-height elementor-section-height-default elementor-section-items-middle\" data-id=\"2226c1f\" data-element_type=\"section\" data-e-type=\"section\" data-settings=\"{&quot;background_background&quot;:&quot;classic&quot;}\">\n\t\t\t\t\t\t\t<div class=\"elementor-background-overlay\"><\/div>\n\t\t\t\t\t\t\t<div class=\"elementor-container elementor-column-gap-no\">\n\t\t\t\t\t<div class=\"elementor-column elementor-col-100 elementor-top-column elementor-element elementor-element-00ee26d\" data-id=\"00ee26d\" data-element_type=\"column\" data-e-type=\"column\">\n\t\t\t<div class=\"elementor-widget-wrap elementor-element-populated\">\n\t\t\t\t\t<div class=\"elementor-background-overlay\"><\/div>\n\t\t\t\t\t\t<section class=\"gap-no elementor-section elementor-inner-section elementor-element elementor-element-831ad54 elementor-section-content-middle elementor-section-boxed elementor-section-height-default elementor-section-height-default\" data-id=\"831ad54\" data-element_type=\"section\" data-e-type=\"section\">\n\t\t\t\t\t\t<div class=\"elementor-container elementor-column-gap-no\">\n\t\t\t\t\t<div class=\"elementor-column elementor-col-100 elementor-inner-column elementor-element elementor-element-29ab6f5\" data-id=\"29ab6f5\" data-element_type=\"column\" data-e-type=\"column\">\n\t\t\t<div class=\"elementor-widget-wrap elementor-element-populated\">\n\t\t\t\t\t\t<div class=\"elementor-element elementor-element-428fadd elementor-widget-laptop__width-initial styler-transform transform-type-translate elementor-invisible elementor-widget elementor-widget-heading\" data-id=\"428fadd\" data-element_type=\"widget\" data-e-type=\"widget\" data-settings=\"{&quot;_animation&quot;:&quot;fadeIn&quot;,&quot;_animation_delay&quot;:300}\" data-widget_type=\"heading.default\">\n\t\t\t\t<div class=\"elementor-widget-container\">\n\t\t\t\t\t<span class=\"elementor-heading-title elementor-size-default\">JMP Company<\/span>\t\t\t\t<\/div>\n\t\t\t\t<\/div>\n\t\t\t\t<div class=\"elementor-element elementor-element-35969cb elementor-widget__width-inherit styler-transform transform-type-translate elementor-invisible elementor-widget elementor-widget-heading\" data-id=\"35969cb\" data-element_type=\"widget\" data-e-type=\"widget\" data-settings=\"{&quot;_animation&quot;:&quot;fadeIn&quot;,&quot;_animation_delay&quot;:400}\" data-widget_type=\"heading.default\">\n\t\t\t\t<div class=\"elementor-widget-container\">\n\t\t\t\t\t<h1 class=\"elementor-heading-title elementor-size-default\">Warranty and maintenance<\/h1>\t\t\t\t<\/div>\n\t\t\t\t<\/div>\n\t\t\t\t\t<\/div>\n\t\t<\/div>\n\t\t\t\t\t<\/div>\n\t\t<\/section>\n\t\t\t\t\t<\/div>\n\t\t<\/div>\n\t\t\t\t\t<\/div>\n\t\t<\/section>\n\t\t<div class=\"elementor-element elementor-element-bc2e46c e-flex e-con-boxed e-con e-parent\" data-id=\"bc2e46c\" data-element_type=\"container\" data-e-type=\"container\">\n\t\t\t\t\t<div class=\"e-con-inner\">\n\t\t\t\t<div class=\"elementor-element elementor-element-18a5b3c elementor-widget elementor-widget-spacer\" data-id=\"18a5b3c\" data-element_type=\"widget\" data-e-type=\"widget\" data-widget_type=\"spacer.default\">\n\t\t\t\t<div class=\"elementor-widget-container\">\n\t\t\t\t\t\t\t<div class=\"elementor-spacer\">\n\t\t\t<div class=\"elementor-spacer-inner\"><\/div>\n\t\t<\/div>\n\t\t\t\t\t\t<\/div>\n\t\t\t\t<\/div>\n\t\t\t\t\t<\/div>\n\t\t\t\t<\/div>\n\t\t<div class=\"elementor-element elementor-element-052848b e-flex e-con-boxed e-con e-parent\" data-id=\"052848b\" data-element_type=\"container\" data-e-type=\"container\">\n\t\t\t\t\t<div class=\"e-con-inner\">\n\t\t<div class=\"elementor-element elementor-element-6367024 e-con-full e-flex e-con e-child\" data-id=\"6367024\" data-element_type=\"container\" data-e-type=\"container\">\n\t\t\t\t<div class=\"elementor-element elementor-element-cd1be3c elementor-widget elementor-widget-text-editor\" data-id=\"cd1be3c\" data-element_type=\"widget\" data-e-type=\"widget\" data-widget_type=\"text-editor.default\">\n\t\t\t\t<div class=\"elementor-widget-container\">\n\t\t\t\t\t\t\t\t\t<p><strong>J\u016brmalas Me\u017eaparki<\/strong> Ltd. offers 2 year warranty for all equipment\u2019s defects, associated with manufacturing defects or material defects. J\u016brmalas Me\u017eaparki Ltd. provides additional warranty associated with manufacturing or material defects form the day of received payment. Our responsibility as the manufacturer under this warranty is the replacement of the damaged items free of charge at the manufacturer\u2019s discretion.<\/p>\t\t\t\t\t\t\t\t<\/div>\n\t\t\t\t<\/div>\n\t\t\t\t<\/div>\n\t\t<div class=\"elementor-element elementor-element-be7d45d e-con-full e-flex e-con e-child\" data-id=\"be7d45d\" data-element_type=\"container\" data-e-type=\"container\">\n\t\t\t\t<div class=\"elementor-element elementor-element-cbc6a3b elementor-widget elementor-widget-image\" data-id=\"cbc6a3b\" data-element_type=\"widget\" data-e-type=\"widget\" data-widget_type=\"image.default\">\n\t\t\t\t<div class=\"elementor-widget-container\">\n\t\t\t\t\t\t\t\t\t\t\t\t\t\t\t<img fetchpriority=\"high\" decoding=\"async\" width=\"960\" height=\"640\" src=\"https:\/\/jmp.lv\/wp-content\/uploads\/2023\/12\/BRL35_1-1024x683.jpeg\" class=\"attachment-large size-large wp-image-17070\" alt=\"\" data-src=\"https:\/\/jmp.lv\/wp-content\/uploads\/2023\/12\/BRL35_1-1024x683.jpeg\" data-srcset=\"\" data-sizes=\"\" \/>\t\t\t\t\t\t\t\t\t\t\t\t\t\t\t<\/div>\n\t\t\t\t<\/div>\n\t\t\t\t<\/div>\n\t\t\t\t\t<\/div>\n\t\t\t\t<\/div>\n\t\t<div class=\"elementor-element elementor-element-640ee60 e-flex e-con-boxed e-con e-parent\" data-id=\"640ee60\" data-element_type=\"container\" data-e-type=\"container\">\n\t\t\t\t\t<div class=\"e-con-inner\">\n\t\t<div class=\"elementor-element elementor-element-7205145 e-con-full e-flex e-con e-child\" data-id=\"7205145\" data-element_type=\"container\" data-e-type=\"container\">\n\t\t\t\t<div class=\"elementor-element elementor-element-5cc5787 elementor-widget elementor-widget-image\" data-id=\"5cc5787\" data-element_type=\"widget\" data-e-type=\"widget\" data-widget_type=\"image.default\">\n\t\t\t\t<div class=\"elementor-widget-container\">\n\t\t\t\t\t\t\t\t\t\t\t\t\t\t\t<img decoding=\"async\" width=\"960\" height=\"720\" src=\"https:\/\/jmp.lv\/wp-content\/uploads\/2023\/12\/BRL21_2-1024x768.jpeg\" class=\"attachment-large size-large wp-image-17069\" alt=\"\" data-src=\"https:\/\/jmp.lv\/wp-content\/uploads\/2023\/12\/BRL21_2-1024x768.jpeg\" data-srcset=\"\" data-sizes=\"\" \/>\t\t\t\t\t\t\t\t\t\t\t\t\t\t\t<\/div>\n\t\t\t\t<\/div>\n\t\t\t\t<\/div>\n\t\t<div class=\"elementor-element elementor-element-9db9283 e-con-full e-flex e-con e-child\" data-id=\"9db9283\" data-element_type=\"container\" data-e-type=\"container\">\n\t\t\t\t<div class=\"elementor-element elementor-element-932ac32 elementor-widget elementor-widget-text-editor\" data-id=\"932ac32\" data-element_type=\"widget\" data-e-type=\"widget\" data-widget_type=\"text-editor.default\">\n\t\t\t\t<div class=\"elementor-widget-container\">\n\t\t\t\t\t\t\t\t\t<p><strong>15 YEAR WARRANTY<\/strong><\/p><p>Sliding surfaces and stainless steel HDPE plates.<\/p><p><strong>10 YEAR WARRANTY<\/strong><\/p><p>All steel and metal parts, which are galvanized using heat method, and parts with powder coating, as well as hooks, all pipes, rubber inserts and outdoor gymnastic and sports equipment\u2019s sliding bearings.<\/p><p><strong>5 YEAR WARRANTY<\/strong><\/p><p>All springer swing metal parts and steel components with powder coating. All wood elements (hardwood, glued pine wood and sawn timber boards). All stationary rope and cable components (for example, vertical climbing net).<\/p>\t\t\t\t\t\t\t\t<\/div>\n\t\t\t\t<\/div>\n\t\t\t\t<\/div>\n\t\t\t\t\t<\/div>\n\t\t\t\t<\/div>\n\t\t<div class=\"elementor-element elementor-element-867529a e-flex e-con-boxed e-con e-parent\" data-id=\"867529a\" data-element_type=\"container\" data-e-type=\"container\">\n\t\t\t\t\t<div class=\"e-con-inner\">\n\t\t<div class=\"elementor-element elementor-element-cfbae35 e-flex e-con-boxed e-con e-child\" data-id=\"cfbae35\" data-element_type=\"container\" data-e-type=\"container\">\n\t\t\t\t\t<div class=\"e-con-inner\">\n\t\t\t\t<div class=\"elementor-element elementor-element-17c10a2 elementor-widget elementor-widget-text-editor\" data-id=\"17c10a2\" data-element_type=\"widget\" data-e-type=\"widget\" data-widget_type=\"text-editor.default\">\n\t\t\t\t<div class=\"elementor-widget-container\">\n\t\t\t\t\t\t\t\t\t<p><strong>3 YEAR WARRANTY<\/strong><\/p><p>Outdoor gymnastic and sports equipment: rubber parts and plastic parts, as well as thread fasteners and metal parts containing moving elements. All outdoor gymnastic and sports equipment\u2019s welded parts.<\/p><p><strong>2 YEAR WARRANTY<\/strong><\/p><p>Moving rope and cable parts (for example, rope bridge). Precondition for warranty to be valid, is to use equipment as intended, correct maintenance, repairs, if required, using original spare parts, as well as prophylactic work by specialized personal, following manufacturers recommendations. Proof of prophylactic work is given by the client, or person, who uses the playground. Warranty does not apply to operational wear and tear, intentional damages or acts of vandalism, force majeure conditions, unprofessional assembly, assembly which does not meet manufacturer\u2019s instructions, and insuffi cient maintenance, disregarding J\u016brmalas Me\u017eaparki Ltd. ordinances. In case of a justifi ed warranty claim J\u016brmalas Me\u017eaparki Ltd. has the rights to do the repairs at their discretion. Breach of contract or price reduction requests are eliminated due to the warranty commitment. However, the legitimate rights for defect liabilities are valid.<\/p>\t\t\t\t\t\t\t\t<\/div>\n\t\t\t\t<\/div>\n\t\t\t\t\t<\/div>\n\t\t\t\t<\/div>\n\t\t\t\t\t<\/div>\n\t\t\t\t<\/div>\n\t\t\t\t<\/div>\n\t\t","protected":false},"excerpt":{"rendered":"<p>JMP Company Warranty and maintenance J\u016brmalas Me\u017eaparki Ltd. offers 2 year warranty for all equipment\u2019s defects, associated with manufacturing defects or material defects. J\u016brmalas Me\u017eaparki Ltd. provides additional warranty associated with manufacturing or material defects form the day of received payment. Our responsibility as the manufacturer under this warranty is the replacement of the damaged&#8230;<\/p>\n","protected":false},"author":1,"featured_media":0,"parent":0,"menu_order":0,"comment_status":"closed","ping_status":"closed","template":"elementor_header_footer","meta":{"_acf_changed":false,"footnotes":""},"class_list":{"0":"post-16963","1":"page","2":"type-page","3":"status-publish","4":"hentry","5":"nt-post-class","6":"","7":"thumb-none","9":"excerpt-none"},"acf":[],"yoast_head":"<!-- This site is optimized with the Yoast SEO plugin v27.2 - https:\/\/yoast.com\/product\/yoast-seo-wordpress\/ -->\n<title>Warranty and maintenance - JMP<\/title>\n<meta name=\"robots\" content=\"index, follow, max-snippet:-1, max-image-preview:large, max-video-preview:-1\" \/>\n<link rel=\"canonical\" href=\"https:\/\/jmp.lv\/en\/warranty-and-maintenance\/\" \/>\n<meta property=\"og:locale\" content=\"en_US\" \/>\n<meta property=\"og:type\" content=\"article\" \/>\n<meta property=\"og:title\" content=\"Warranty and maintenance - JMP\" \/>\n<meta property=\"og:description\" content=\"JMP Company Warranty and maintenance J\u016brmalas Me\u017eaparki Ltd. offers 2 year warranty for all equipment\u2019s defects, associated with manufacturing defects or material defects. J\u016brmalas Me\u017eaparki Ltd. provides additional warranty associated with manufacturing or material defects form the day of received payment. Our responsibility as the manufacturer under this warranty is the replacement of the damaged...\" \/>\n<meta property=\"og:url\" content=\"https:\/\/jmp.lv\/en\/warranty-and-maintenance\/\" \/>\n<meta property=\"og:site_name\" content=\"JMP\" \/>\n<meta property=\"article:modified_time\" content=\"2024-01-09T14:04:02+00:00\" \/>\n<meta property=\"og:image\" content=\"https:\/\/jmp.lv\/wp-content\/uploads\/2023\/12\/BRL35_1-1024x683.jpeg\" \/>\n<meta name=\"twitter:card\" content=\"summary_large_image\" \/>\n<meta name=\"twitter:label1\" content=\"Est. reading time\" \/>\n\t<meta name=\"twitter:data1\" content=\"2 minutes\" \/>\n<script type=\"application\/ld+json\" class=\"yoast-schema-graph\">{\"@context\":\"https:\/\/schema.org\",\"@graph\":[{\"@type\":\"WebPage\",\"@id\":\"https:\/\/jmp.lv\/en\/warranty-and-maintenance\/\",\"url\":\"https:\/\/jmp.lv\/en\/warranty-and-maintenance\/\",\"name\":\"Warranty and maintenance - JMP\",\"isPartOf\":{\"@id\":\"https:\/\/jmp.lv\/en\/#website\"},\"primaryImageOfPage\":{\"@id\":\"https:\/\/jmp.lv\/en\/warranty-and-maintenance\/#primaryimage\"},\"image\":{\"@id\":\"https:\/\/jmp.lv\/en\/warranty-and-maintenance\/#primaryimage\"},\"thumbnailUrl\":\"https:\/\/jmp.lv\/wp-content\/uploads\/2023\/12\/BRL35_1-1024x683.jpeg\",\"datePublished\":\"2023-12-19T13:42:46+00:00\",\"dateModified\":\"2024-01-09T14:04:02+00:00\",\"breadcrumb\":{\"@id\":\"https:\/\/jmp.lv\/en\/warranty-and-maintenance\/#breadcrumb\"},\"inLanguage\":\"en-US\",\"potentialAction\":[{\"@type\":\"ReadAction\",\"target\":[\"https:\/\/jmp.lv\/en\/warranty-and-maintenance\/\"]}]},{\"@type\":\"ImageObject\",\"inLanguage\":\"en-US\",\"@id\":\"https:\/\/jmp.lv\/en\/warranty-and-maintenance\/#primaryimage\",\"url\":\"https:\/\/jmp.lv\/wp-content\/uploads\/2023\/12\/BRL35_1-1024x683.jpeg\",\"contentUrl\":\"https:\/\/jmp.lv\/wp-content\/uploads\/2023\/12\/BRL35_1-1024x683.jpeg\"},{\"@type\":\"BreadcrumbList\",\"@id\":\"https:\/\/jmp.lv\/en\/warranty-and-maintenance\/#breadcrumb\",\"itemListElement\":[{\"@type\":\"ListItem\",\"position\":1,\"name\":\"Home\",\"item\":\"https:\/\/jmp.lv\/en\/\"},{\"@type\":\"ListItem\",\"position\":2,\"name\":\"Warranty and maintenance\"}]},{\"@type\":\"WebSite\",\"@id\":\"https:\/\/jmp.lv\/en\/#website\",\"url\":\"https:\/\/jmp.lv\/en\/\",\"name\":\"JMP\",\"description\":\"Jurmalas Mezaparki\",\"publisher\":{\"@id\":\"https:\/\/jmp.lv\/en\/#organization\"},\"potentialAction\":[{\"@type\":\"SearchAction\",\"target\":{\"@type\":\"EntryPoint\",\"urlTemplate\":\"https:\/\/jmp.lv\/en\/?s={search_term_string}\"},\"query-input\":{\"@type\":\"PropertyValueSpecification\",\"valueRequired\":true,\"valueName\":\"search_term_string\"}}],\"inLanguage\":\"en-US\"},{\"@type\":\"Organization\",\"@id\":\"https:\/\/jmp.lv\/en\/#organization\",\"name\":\"JMP\",\"url\":\"https:\/\/jmp.lv\/en\/\",\"logo\":{\"@type\":\"ImageObject\",\"inLanguage\":\"en-US\",\"@id\":\"https:\/\/jmp.lv\/en\/#\/schema\/logo\/image\/\",\"url\":\"https:\/\/jmp.lv\/wp-content\/uploads\/2021\/09\/JMP-vektorfails-e1699630467233.png\",\"contentUrl\":\"https:\/\/jmp.lv\/wp-content\/uploads\/2021\/09\/JMP-vektorfails-e1699630467233.png\",\"width\":250,\"height\":95,\"caption\":\"JMP\"},\"image\":{\"@id\":\"https:\/\/jmp.lv\/en\/#\/schema\/logo\/image\/\"}}]}<\/script>\n<!-- \/ Yoast SEO plugin. -->","yoast_head_json":{"title":"Warranty and maintenance - JMP","robots":{"index":"index","follow":"follow","max-snippet":"max-snippet:-1","max-image-preview":"max-image-preview:large","max-video-preview":"max-video-preview:-1"},"canonical":"https:\/\/jmp.lv\/en\/warranty-and-maintenance\/","og_locale":"en_US","og_type":"article","og_title":"Warranty and maintenance - JMP","og_description":"JMP Company Warranty and maintenance J\u016brmalas Me\u017eaparki Ltd. offers 2 year warranty for all equipment\u2019s defects, associated with manufacturing defects or material defects. J\u016brmalas Me\u017eaparki Ltd. provides additional warranty associated with manufacturing or material defects form the day of received payment. Our responsibility as the manufacturer under this warranty is the replacement of the damaged...","og_url":"https:\/\/jmp.lv\/en\/warranty-and-maintenance\/","og_site_name":"JMP","article_modified_time":"2024-01-09T14:04:02+00:00","og_image":[{"url":"https:\/\/jmp.lv\/wp-content\/uploads\/2023\/12\/BRL35_1-1024x683.jpeg","type":"","width":"","height":""}],"twitter_card":"summary_large_image","twitter_misc":{"Est. reading time":"2 minutes"},"schema":{"@context":"https:\/\/schema.org","@graph":[{"@type":"WebPage","@id":"https:\/\/jmp.lv\/en\/warranty-and-maintenance\/","url":"https:\/\/jmp.lv\/en\/warranty-and-maintenance\/","name":"Warranty and maintenance - JMP","isPartOf":{"@id":"https:\/\/jmp.lv\/en\/#website"},"primaryImageOfPage":{"@id":"https:\/\/jmp.lv\/en\/warranty-and-maintenance\/#primaryimage"},"image":{"@id":"https:\/\/jmp.lv\/en\/warranty-and-maintenance\/#primaryimage"},"thumbnailUrl":"https:\/\/jmp.lv\/wp-content\/uploads\/2023\/12\/BRL35_1-1024x683.jpeg","datePublished":"2023-12-19T13:42:46+00:00","dateModified":"2024-01-09T14:04:02+00:00","breadcrumb":{"@id":"https:\/\/jmp.lv\/en\/warranty-and-maintenance\/#breadcrumb"},"inLanguage":"en-US","potentialAction":[{"@type":"ReadAction","target":["https:\/\/jmp.lv\/en\/warranty-and-maintenance\/"]}]},{"@type":"ImageObject","inLanguage":"en-US","@id":"https:\/\/jmp.lv\/en\/warranty-and-maintenance\/#primaryimage","url":"https:\/\/jmp.lv\/wp-content\/uploads\/2023\/12\/BRL35_1-1024x683.jpeg","contentUrl":"https:\/\/jmp.lv\/wp-content\/uploads\/2023\/12\/BRL35_1-1024x683.jpeg"},{"@type":"BreadcrumbList","@id":"https:\/\/jmp.lv\/en\/warranty-and-maintenance\/#breadcrumb","itemListElement":[{"@type":"ListItem","position":1,"name":"Home","item":"https:\/\/jmp.lv\/en\/"},{"@type":"ListItem","position":2,"name":"Warranty and maintenance"}]},{"@type":"WebSite","@id":"https:\/\/jmp.lv\/en\/#website","url":"https:\/\/jmp.lv\/en\/","name":"JMP","description":"Jurmalas Mezaparki","publisher":{"@id":"https:\/\/jmp.lv\/en\/#organization"},"potentialAction":[{"@type":"SearchAction","target":{"@type":"EntryPoint","urlTemplate":"https:\/\/jmp.lv\/en\/?s={search_term_string}"},"query-input":{"@type":"PropertyValueSpecification","valueRequired":true,"valueName":"search_term_string"}}],"inLanguage":"en-US"},{"@type":"Organization","@id":"https:\/\/jmp.lv\/en\/#organization","name":"JMP","url":"https:\/\/jmp.lv\/en\/","logo":{"@type":"ImageObject","inLanguage":"en-US","@id":"https:\/\/jmp.lv\/en\/#\/schema\/logo\/image\/","url":"https:\/\/jmp.lv\/wp-content\/uploads\/2021\/09\/JMP-vektorfails-e1699630467233.png","contentUrl":"https:\/\/jmp.lv\/wp-content\/uploads\/2021\/09\/JMP-vektorfails-e1699630467233.png","width":250,"height":95,"caption":"JMP"},"image":{"@id":"https:\/\/jmp.lv\/en\/#\/schema\/logo\/image\/"}}]}},"_links":{"self":[{"href":"https:\/\/jmp.lv\/en\/wp-json\/wp\/v2\/pages\/16963","targetHints":{"allow":["GET"]}}],"collection":[{"href":"https:\/\/jmp.lv\/en\/wp-json\/wp\/v2\/pages"}],"about":[{"href":"https:\/\/jmp.lv\/en\/wp-json\/wp\/v2\/types\/page"}],"author":[{"embeddable":true,"href":"https:\/\/jmp.lv\/en\/wp-json\/wp\/v2\/users\/1"}],"replies":[{"embeddable":true,"href":"https:\/\/jmp.lv\/en\/wp-json\/wp\/v2\/comments?post=16963"}],"version-history":[{"count":22,"href":"https:\/\/jmp.lv\/en\/wp-json\/wp\/v2\/pages\/16963\/revisions"}],"predecessor-version":[{"id":17140,"href":"https:\/\/jmp.lv\/en\/wp-json\/wp\/v2\/pages\/16963\/revisions\/17140"}],"wp:attachment":[{"href":"https:\/\/jmp.lv\/en\/wp-json\/wp\/v2\/media?parent=16963"}],"curies":[{"name":"wp","href":"https:\/\/api.w.org\/{rel}","templated":true}]}}